{"id":3,"date":"2023-04-19T13:27:57","date_gmt":"2023-04-19T13:27:57","guid":{"rendered":"http:\/\/kreire-metal.hr\/?page_id=3"},"modified":"2024-02-19T08:15:07","modified_gmt":"2024-02-19T07:15:07","slug":"privacy-policy","status":"publish","type":"page","link":"https:\/\/kreire-metal.hr\/?page_id=3","title":{"rendered":"Politika privatnosti"},"content":{"rendered":"\t\t<div data-elementor-type=\"wp-page\" data-elementor-id=\"3\" class=\"elementor elementor-3\">\n\t\t\t\t\t\t<section class=\"elementor-section elementor-top-section elementor-element elementor-element-ed6157c elementor-section-boxed elementor-section-height-default elementor-section-height-default\" data-id=\"ed6157c\" data-element_type=\"section\">\n\t\t\t\t\t\t<div class=\"elementor-container elementor-column-gap-default\">\n\t\t\t\t\t<div class=\"elementor-column elementor-col-100 elementor-top-column elementor-element elementor-element-09dc438\" data-id=\"09dc438\" data-element_type=\"column\">\n\t\t\t<div class=\"elementor-widget-wrap elementor-element-populated\">\n\t\t\t\t\t\t<div class=\"elementor-element elementor-element-9de4903 elementor-widget elementor-widget-heading\" data-id=\"9de4903\" data-element_type=\"widget\" data-widget_type=\"heading.default\">\n\t\t\t\t<div class=\"elementor-widget-container\">\n\t\t\t<style>\/*! elementor - v3.19.0 - 28-02-2024 *\/\n.elementor-heading-title{padding:0;margin:0;line-height:1}.elementor-widget-heading .elementor-heading-title[class*=elementor-size-]>a{color:inherit;font-size:inherit;line-height:inherit}.elementor-widget-heading .elementor-heading-title.elementor-size-small{font-size:15px}.elementor-widget-heading .elementor-heading-title.elementor-size-medium{font-size:19px}.elementor-widget-heading .elementor-heading-title.elementor-size-large{font-size:29px}.elementor-widget-heading .elementor-heading-title.elementor-size-xl{font-size:39px}.elementor-widget-heading .elementor-heading-title.elementor-size-xxl{font-size:59px}<\/style><h2 class=\"elementor-heading-title elementor-size-default\">Impressum<\/h2>\t\t<\/div>\n\t\t\t\t<\/div>\n\t\t\t\t<div class=\"elementor-element elementor-element-e4a7f45 elementor-widget elementor-widget-text-editor\" data-id=\"e4a7f45\" data-element_type=\"widget\" data-widget_type=\"text-editor.default\">\n\t\t\t\t<div class=\"elementor-widget-container\">\n\t\t\t<style>\/*! elementor - v3.19.0 - 28-02-2024 *\/\n.elementor-widget-text-editor.elementor-drop-cap-view-stacked .elementor-drop-cap{background-color:#69727d;color:#fff}.elementor-widget-text-editor.elementor-drop-cap-view-framed .elementor-drop-cap{color:#69727d;border:3px solid;background-color:transparent}.elementor-widget-text-editor:not(.elementor-drop-cap-view-default) .elementor-drop-cap{margin-top:8px}.elementor-widget-text-editor:not(.elementor-drop-cap-view-default) .elementor-drop-cap-letter{width:1em;height:1em}.elementor-widget-text-editor .elementor-drop-cap{float:left;text-align:center;line-height:1;font-size:50px}.elementor-widget-text-editor .elementor-drop-cap-letter{display:inline-block}<\/style>\t\t\t\t<p>TVRTKA: <em>KREIRE METAL<\/em>, obrt za izradu metalne galanterije<br \/>SJEDI\u0160TE: Vjekoslava Bacha 8, 35 000, Slavonski Brod, Hrvatska<br \/>OIB: 97260088184<br \/>\u010cLANOVI UPRAVE: vlasnica Irena Juki\u0107 Vukovi\u0107<br \/>\u017dIRO RA\u010cUN:<br \/>KONTAKT TELEFON: +385 (0) 35 442 552<br \/>KONTAKT EMAIL: info@technotec.hr:<\/p>\t\t\t\t\t\t<\/div>\n\t\t\t\t<\/div>\n\t\t\t\t\t<\/div>\n\t\t<\/div>\n\t\t\t\t\t<\/div>\n\t\t<\/section>\n\t\t\t\t<section class=\"elementor-section elementor-top-section elementor-element elementor-element-964f818 elementor-section-boxed elementor-section-height-default elementor-section-height-default\" data-id=\"964f818\" data-element_type=\"section\">\n\t\t\t\t\t\t<div class=\"elementor-container elementor-column-gap-default\">\n\t\t\t\t\t<div class=\"elementor-column elementor-col-100 elementor-top-column elementor-element elementor-element-a73f0f7\" data-id=\"a73f0f7\" data-element_type=\"column\">\n\t\t\t<div class=\"elementor-widget-wrap elementor-element-populated\">\n\t\t\t\t\t\t<div class=\"elementor-element elementor-element-b9c5b6d elementor-widget elementor-widget-heading\" data-id=\"b9c5b6d\" data-element_type=\"widget\" data-widget_type=\"heading.default\">\n\t\t\t\t<div class=\"elementor-widget-container\">\n\t\t\t<h2 class=\"elementor-heading-title elementor-size-default\">Politika privatnosti<\/h2>\t\t<\/div>\n\t\t\t\t<\/div>\n\t\t\t\t<div class=\"elementor-element elementor-element-42ae2fa elementor-widget elementor-widget-text-editor\" data-id=\"42ae2fa\" data-element_type=\"widget\" data-widget_type=\"text-editor.default\">\n\t\t\t\t<div class=\"elementor-widget-container\">\n\t\t\t\t\t\t\t<p>Ova web stranica vodi ra\u010duna o privatnosti osobnih podataka svojih posjetitelja, stoga je politika privatnosti koja se primjenjuje na osobne podatke prikupljene putem kontaktnog obrasca s ove web stranice ili putem direktne email poruke na adresu <span style=\"color: #0000ff;\">kreire-metal@kreire-metal.hr<\/span><span style=\"color: #ff6600;\">\u00a0<\/span>uskla\u0111ena s <strong>Op\u0107om uredbom o za\u0161titi osobnih podataka<\/strong>\u00a0koja je na snazi na teritoriju Europske Unije.<\/p><p><strong>Vrste osobnih podataka koji se putem web stranice prikupljaju su:<\/strong> ime i prezime i adresa e-po\u0161te te po potrebi ostali osobni podaci koje posjetitelji dobrovoljno daju radi primanja odgovora na upite i ostvarenja suradnje.<\/p><p><strong>Obrada osobnih podataka<\/strong> prikupljenih putem web stranice vodit \u0107e se i vr\u0161iti u svrhu odgovaranja na upite posjetitelja zainteresiranih za uspostavljanje suradnje, kao i radi ostvarenja same suradnje.\u00a0 Prikupljeni osobni podaci ne\u0107e se koristiti u druge svrhe. \u00a0<\/p><p><strong>Obrada osobnih podataka po\u010det \u0107e od trenutka primitka<\/strong> osobnih podataka od posjetitelja putem kontaktnog obrasca s ove web stranice ili putem direktne e-poruke na adresu <span style=\"color: #0000ff;\">kreire-metal@kreire-metal.hr<\/span><\/p><p><strong>Prikupljeni osobni podaci bit \u0107e zadr\u017eani do<\/strong>\u00a0trenutka ostvarenja svrhe u koju su prikupljeni (kona\u010dan odgovor na upit posjetitelja ili realizirana suradnja) odnosno tijekom trajanja suradnje zbog koje su potrebni, osim ako je posjetitelj sam odabrao da se njegovi osobni podaci zadr\u017ee i na dulji vremenski period radi uspostavljanja budu\u0107e suradnje ili radi primanja promotivnih obavijesti.<\/p><p><strong>Pristup osobnim podacima ograni\u010den je na zaposlenike tvrtke<\/strong>\u00a0koja pritom zadr\u017eava pravo da proslijedi prikupljene osobne podatke tre\u0107im osobama \u010dije su usluge potrebne za uspje\u0161ne odgovore na upite posjetitelja web stranice i ostvarenje suradnje s njima.<\/p><p><strong>Posjetitelji web stranice imaju sljede\u0107a prava:<\/strong><\/p><ul><li>pravo informiranja o svojim prikupljenim osobnim podacima<\/li><li>pravo pristupa svojim prikupljenim osobnim podacima<\/li><li>pravo tra\u017eiti kopiju svojih prikupljenih osobnih podataka<\/li><li>pravo tra\u017eiti ispravak svojih neto\u010dnih prikupljenih osobnih podataka (uz prilaganje to\u010dnih informacija)<\/li><li>pravo tra\u017eiti prestanak obrade osobnih podataka u svrhu izravnog marketinga<\/li><li>pravo tra\u017eiti brisanje svih svojih prikupljenih osobnih podataka<\/li><\/ul><p><strong>Svoja prava posjetitelji mogu ostvariti u bilo kojem trenutku slanjem svojeg zahtjeva<\/strong> na sljede\u0107u e-mail adresu: <span style=\"color: #0000ff;\">kreire-metal@kreire-metal.hr<\/span>\u00a0 Svi zahtjevi posjetitelja bit \u0107e proslije\u0111eni i tre\u0107im osobama kojima je dan pristup njihovim osobnim podacima radi uspje\u0161nih odgovora na njihove upite i ostvarenje \u017eeljene suradnje.<\/p>\t\t\t\t\t\t<\/div>\n\t\t\t\t<\/div>\n\t\t\t\t\t<\/div>\n\t\t<\/div>\n\t\t\t\t\t<\/div>\n\t\t<\/section>\n\t\t\t\t<section class=\"elementor-section elementor-top-section elementor-element elementor-element-f1da6f2 elementor-section-boxed elementor-section-height-default elementor-section-height-default\" data-id=\"f1da6f2\" data-element_type=\"section\">\n\t\t\t\t\t\t<div class=\"elementor-container elementor-column-gap-default\">\n\t\t\t\t\t<div class=\"elementor-column elementor-col-100 elementor-top-column elementor-element elementor-element-437a8e1\" data-id=\"437a8e1\" data-element_type=\"column\">\n\t\t\t<div class=\"elementor-widget-wrap elementor-element-populated\">\n\t\t\t\t\t\t<div class=\"elementor-element elementor-element-b3913ad elementor-widget elementor-widget-heading\" data-id=\"b3913ad\" data-element_type=\"widget\" data-widget_type=\"heading.default\">\n\t\t\t\t<div class=\"elementor-widget-container\">\n\t\t\t<h2 class=\"elementor-heading-title elementor-size-default\">Kola\u010di\u0107i<\/h2>\t\t<\/div>\n\t\t\t\t<\/div>\n\t\t\t\t<div class=\"elementor-element elementor-element-9332e15 elementor-widget elementor-widget-text-editor\" data-id=\"9332e15\" data-element_type=\"widget\" data-widget_type=\"text-editor.default\">\n\t\t\t\t<div class=\"elementor-widget-container\">\n\t\t\t\t\t\t\t<p><strong>\u0160to su kola\u010di\u0107i?<\/strong><br \/>Kola\u010di\u0107 je informacija spremljena na va\u0161e ra\u010dunalo od strane web stranice koju posjetite. Kola\u010di\u0107i obi\u010dno spremaju va\u0161e postavke, postavke za web stranicu, kao \u0161to su preferirani jezik ili adresa. Kasnije, kada opet otvorite istu web stranicu, internetski preglednik \u0161alje natrag kola\u010di\u0107e koji pripadaju toj stranici. Ovo omogu\u0107ava stranici da prika\u017ee informacije prilago\u0111ene va\u0161im potrebama.<\/p><p>Kola\u010di\u0107i mogu spremati \u0161irok raspon informacija uklju\u010duju\u0107i osobne informacije (kao \u0161to je va\u0161e ime ili e-mail adresa). Ipak, ova informacija mo\u017ee biti spremljena jedino ako vi to omogu\u0107ite \u2013 web stranice ne mogu dobiti pristup informacijama koji im niste dali i ne mogu pristupiti drugim datotekama na va\u0161em ra\u010dunalu. Zadane aktivnosti spremanja i slanja kola\u010di\u0107a nisu vam vidljive. Ipak, postavke internetskog preglednika mo\u017eete promijeniti i tako sami izabrati ho\u0107ete li zahtjeve za spremanje kola\u010di\u0107a odobriti ili odbiti, te pobrisati spremljene kola\u010di\u0107e automatski pri zatvaranju internetskog preglednika i sli\u010dno.<\/p><p><strong>Koje kola\u010di\u0107e koristi ova web stranica?<\/strong><br \/>Ova web stranica mo\u017ee koristiti (ovisno o trenutnim postavkama stranice) tzv.\u00a0<em>first party<\/em>\u00a0kola\u010di\u0107e koji dugoro\u010dno ne pohranjuju va\u0161e osobne podatke, ve\u0107 im je svrha omogu\u0107iti ispravno funkcioniranje kontaktne forme te omogu\u0107iti da va\u0161 internetski preglednik zapamti na kojem jeziku \u017eelite pregledavati ovu web stranicu.\u00a0OVO JE UOP\u0106ENI POPIS KOLA\u010cI\u0106A, PRECIZIRATI AKO JE POTREBNO.<\/p><p><strong>Kako onemogu\u0107iti\u00a0 kola\u010di\u0107e?<\/strong><br \/>Isklju\u010divanjem kola\u010di\u0107a odlu\u010dujete da li ho\u0107ete dopustiti pohranjivanje kola\u010di\u0107a na va\u0161em ra\u010dunalu. Postavke kola\u010di\u0107a mogu se kontrolirati i konfigurirati u va\u0161em web pregledniku.<\/p>\t\t\t\t\t\t<\/div>\n\t\t\t\t<\/div>\n\t\t\t\t\t<\/div>\n\t\t<\/div>\n\t\t\t\t\t<\/div>\n\t\t<\/section>\n\t\t\t\t<section class=\"elementor-section elementor-top-section elementor-element elementor-element-8f4ee37 elementor-section-boxed elementor-section-height-default elementor-section-height-default\" data-id=\"8f4ee37\" data-element_type=\"section\">\n\t\t\t\t\t\t<div class=\"elementor-container elementor-column-gap-default\">\n\t\t\t\t\t<div class=\"elementor-column elementor-col-100 elementor-top-column elementor-element elementor-element-b48a1f5\" data-id=\"b48a1f5\" data-element_type=\"column\">\n\t\t\t<div class=\"elementor-widget-wrap elementor-element-populated\">\n\t\t\t\t\t\t<div class=\"elementor-element elementor-element-1524b2b elementor-widget elementor-widget-heading\" data-id=\"1524b2b\" data-element_type=\"widget\" data-widget_type=\"heading.default\">\n\t\t\t\t<div class=\"elementor-widget-container\">\n\t\t\t<h2 class=\"elementor-heading-title elementor-size-default\">Video nadzor<\/h2>\t\t<\/div>\n\t\t\t\t<\/div>\n\t\t\t\t<div class=\"elementor-element elementor-element-1d78a50 elementor-widget elementor-widget-text-editor\" data-id=\"1d78a50\" data-element_type=\"widget\" data-widget_type=\"text-editor.default\">\n\t\t\t\t<div class=\"elementor-widget-container\">\n\t\t\t\t\t\t\t<p>Naziv voditelja obrade: KREIRE METAL, vl. Irena Juki\u0107 Vukovi\u0107<\/p><p>Adresa voditelja obrade: Vjekoslava Bacha 8, Slavonski Brod<\/p><p><br \/>Kontakt podaci voditelja obrade: kreire-metal@kreire-metal.hr<br \/>Telefon: 035\/442-552, Mobitel: 098\/710-969<\/p><p><br \/>Svrha obrade: za\u0161tita ljudi i imovine<br \/>Pravna osnova: legitimni interes<br \/>Prava ispitanika (fizi\u010dkih osoba koje su snimljene videonadzornim kamerama):<br \/>Pravo na pristup svojim osobnim podacima, pravo na njihovo brisanje, pravo na<br \/>ograni\u010denje njihove obrade, te pravo na ulaganje prigovora na njihovu obradu<\/p><p><br \/>Cjelovite informacije o obradi Va\u0161ih osobnih podataka od strane voditelja<br \/>obrade KREIRE METALA, mo\u017eete prona\u0107i u Politici privatnosti na poveznici<br \/>www.kreire-metal.hr<\/p>\t\t\t\t\t\t<\/div>\n\t\t\t\t<\/div>\n\t\t\t\t\t<\/div>\n\t\t<\/div>\n\t\t\t\t\t<\/div>\n\t\t<\/section>\n\t\t\t\t<\/div>\n\t\t","protected":false},"excerpt":{"rendered":"<p>Impressum TVRTKA: KREIRE METAL, obrt za izradu metalne galanterijeSJEDI\u0160TE: Vjekoslava Bacha 8, 35 000, Slavonski Brod, HrvatskaOIB: 97260088184\u010cLANOVI UPRAVE: vlasnica Irena Juki\u0107 Vukovi\u0107\u017dIRO RA\u010cUN:KONTAKT TELEFON: +385 (0) 35 442 552KONTAKT EMAIL: info@technotec.hr: Politika privatnosti Ova web stranica vodi ra\u010duna o privatnosti osobnih podataka svojih posjetitelja, stoga je politika privatnosti koja se primjenjuje na osobne podatke [&hellip;]<\/p>\n","protected":false},"author":1,"featured_media":0,"parent":0,"menu_order":0,"comment_status":"closed","ping_status":"open","template":"","meta":{"footnotes":""},"class_list":["post-3","page","type-page","status-publish","hentry"],"yoast_head":"<!-- This site is optimized with the Yoast SEO plugin v25.7 - https:\/\/yoast.com\/wordpress\/plugins\/seo\/ -->\n<title>Politika privatnosti | Kreire metal<\/title>\n<meta name=\"description\" content=\"Impressum TVRTKA: KREIRE METAL, obrt za izradu metalne galanterijeSJEDI\u0160TE: Vjekoslava Bacha 8, 35 000, Slavonski Brod, HrvatskaOIB: 97260088184\u010cLANOVI\" \/>\n<meta name=\"robots\" content=\"index, follow, max-snippet:-1, max-image-preview:large, max-video-preview:-1\" \/>\n<link rel=\"canonical\" href=\"https:\/\/kreire-metal.hr\/?page_id=3\" \/>\n<meta property=\"og:locale\" content=\"hr_HR\" \/>\n<meta property=\"og:type\" content=\"article\" \/>\n<meta property=\"og:title\" content=\"Politika privatnosti | Kreire metal\" \/>\n<meta property=\"og:description\" content=\"Impressum TVRTKA: KREIRE METAL, obrt za izradu metalne galanterijeSJEDI\u0160TE: Vjekoslava Bacha 8, 35 000, Slavonski Brod, HrvatskaOIB: 97260088184\u010cLANOVI\" \/>\n<meta property=\"og:url\" content=\"https:\/\/kreire-metal.hr\/?page_id=3\" \/>\n<meta property=\"og:site_name\" content=\"Kreire metal\" \/>\n<meta property=\"article:publisher\" content=\"https:\/\/www.facebook.com\/profile.php?id=100093496051534\" \/>\n<meta property=\"article:modified_time\" content=\"2024-02-19T07:15:07+00:00\" \/>\n<meta property=\"og:image\" content=\"https:\/\/kreire-metal.hr\/wp-content\/uploads\/2023\/04\/KreireFirma23.jpg\" \/>\n\t<meta property=\"og:image:width\" content=\"1520\" \/>\n\t<meta property=\"og:image:height\" content=\"1920\" \/>\n\t<meta property=\"og:image:type\" content=\"image\/jpeg\" \/>\n<script type=\"application\/ld+json\" class=\"yoast-schema-graph\">{\"@context\":\"https:\/\/schema.org\",\"@graph\":[{\"@type\":\"WebPage\",\"@id\":\"https:\/\/kreire-metal.hr\/?page_id=3\",\"url\":\"https:\/\/kreire-metal.hr\/?page_id=3\",\"name\":\"Politika privatnosti | Kreire metal\",\"isPartOf\":{\"@id\":\"https:\/\/kreire-metal.hr\/#website\"},\"datePublished\":\"2023-04-19T13:27:57+00:00\",\"dateModified\":\"2024-02-19T07:15:07+00:00\",\"description\":\"Impressum TVRTKA: KREIRE METAL, obrt za izradu metalne galanterijeSJEDI\u0160TE: Vjekoslava Bacha 8, 35 000, Slavonski Brod, HrvatskaOIB: 97260088184\u010cLANOVI\",\"breadcrumb\":{\"@id\":\"https:\/\/kreire-metal.hr\/?page_id=3#breadcrumb\"},\"inLanguage\":\"hr\",\"potentialAction\":[{\"@type\":\"ReadAction\",\"target\":[\"https:\/\/kreire-metal.hr\/?page_id=3\"]}]},{\"@type\":\"BreadcrumbList\",\"@id\":\"https:\/\/kreire-metal.hr\/?page_id=3#breadcrumb\",\"itemListElement\":[{\"@type\":\"ListItem\",\"position\":1,\"name\":\"Home\",\"item\":\"https:\/\/kreire-metal.hr\/\"},{\"@type\":\"ListItem\",\"position\":2,\"name\":\"Politika privatnosti\"}]},{\"@type\":\"WebSite\",\"@id\":\"https:\/\/kreire-metal.hr\/#website\",\"url\":\"https:\/\/kreire-metal.hr\/\",\"name\":\"Kreire metal\",\"description\":\"\",\"publisher\":{\"@id\":\"https:\/\/kreire-metal.hr\/#organization\"},\"potentialAction\":[{\"@type\":\"SearchAction\",\"target\":{\"@type\":\"EntryPoint\",\"urlTemplate\":\"https:\/\/kreire-metal.hr\/?s={search_term_string}\"},\"query-input\":{\"@type\":\"PropertyValueSpecification\",\"valueRequired\":true,\"valueName\":\"search_term_string\"}}],\"inLanguage\":\"hr\"},{\"@type\":\"Organization\",\"@id\":\"https:\/\/kreire-metal.hr\/#organization\",\"name\":\"Kreire metal\",\"url\":\"https:\/\/kreire-metal.hr\/\",\"logo\":{\"@type\":\"ImageObject\",\"inLanguage\":\"hr\",\"@id\":\"https:\/\/kreire-metal.hr\/#\/schema\/logo\/image\/\",\"url\":\"https:\/\/kreire-metal.hr\/wp-content\/uploads\/2023\/04\/kreire-logo.png\",\"contentUrl\":\"https:\/\/kreire-metal.hr\/wp-content\/uploads\/2023\/04\/kreire-logo.png\",\"width\":184,\"height\":83,\"caption\":\"Kreire metal\"},\"image\":{\"@id\":\"https:\/\/kreire-metal.hr\/#\/schema\/logo\/image\/\"},\"sameAs\":[\"https:\/\/www.facebook.com\/profile.php?id=100093496051534\"]}]}<\/script>\n<!-- \/ Yoast SEO plugin. -->","yoast_head_json":{"title":"Politika privatnosti | Kreire metal","description":"Impressum TVRTKA: KREIRE METAL, obrt za izradu metalne galanterijeSJEDI\u0160TE: Vjekoslava Bacha 8, 35 000, Slavonski Brod, HrvatskaOIB: 97260088184\u010cLANOVI","robots":{"index":"index","follow":"follow","max-snippet":"max-snippet:-1","max-image-preview":"max-image-preview:large","max-video-preview":"max-video-preview:-1"},"canonical":"https:\/\/kreire-metal.hr\/?page_id=3","og_locale":"hr_HR","og_type":"article","og_title":"Politika privatnosti | Kreire metal","og_description":"Impressum TVRTKA: KREIRE METAL, obrt za izradu metalne galanterijeSJEDI\u0160TE: Vjekoslava Bacha 8, 35 000, Slavonski Brod, HrvatskaOIB: 97260088184\u010cLANOVI","og_url":"https:\/\/kreire-metal.hr\/?page_id=3","og_site_name":"Kreire metal","article_publisher":"https:\/\/www.facebook.com\/profile.php?id=100093496051534","article_modified_time":"2024-02-19T07:15:07+00:00","og_image":[{"width":1520,"height":1920,"url":"https:\/\/kreire-metal.hr\/wp-content\/uploads\/2023\/04\/KreireFirma23.jpg","type":"image\/jpeg"}],"schema":{"@context":"https:\/\/schema.org","@graph":[{"@type":"WebPage","@id":"https:\/\/kreire-metal.hr\/?page_id=3","url":"https:\/\/kreire-metal.hr\/?page_id=3","name":"Politika privatnosti | Kreire metal","isPartOf":{"@id":"https:\/\/kreire-metal.hr\/#website"},"datePublished":"2023-04-19T13:27:57+00:00","dateModified":"2024-02-19T07:15:07+00:00","description":"Impressum TVRTKA: KREIRE METAL, obrt za izradu metalne galanterijeSJEDI\u0160TE: Vjekoslava Bacha 8, 35 000, Slavonski Brod, HrvatskaOIB: 97260088184\u010cLANOVI","breadcrumb":{"@id":"https:\/\/kreire-metal.hr\/?page_id=3#breadcrumb"},"inLanguage":"hr","potentialAction":[{"@type":"ReadAction","target":["https:\/\/kreire-metal.hr\/?page_id=3"]}]},{"@type":"BreadcrumbList","@id":"https:\/\/kreire-metal.hr\/?page_id=3#breadcrumb","itemListElement":[{"@type":"ListItem","position":1,"name":"Home","item":"https:\/\/kreire-metal.hr\/"},{"@type":"ListItem","position":2,"name":"Politika privatnosti"}]},{"@type":"WebSite","@id":"https:\/\/kreire-metal.hr\/#website","url":"https:\/\/kreire-metal.hr\/","name":"Kreire metal","description":"","publisher":{"@id":"https:\/\/kreire-metal.hr\/#organization"},"potentialAction":[{"@type":"SearchAction","target":{"@type":"EntryPoint","urlTemplate":"https:\/\/kreire-metal.hr\/?s={search_term_string}"},"query-input":{"@type":"PropertyValueSpecification","valueRequired":true,"valueName":"search_term_string"}}],"inLanguage":"hr"},{"@type":"Organization","@id":"https:\/\/kreire-metal.hr\/#organization","name":"Kreire metal","url":"https:\/\/kreire-metal.hr\/","logo":{"@type":"ImageObject","inLanguage":"hr","@id":"https:\/\/kreire-metal.hr\/#\/schema\/logo\/image\/","url":"https:\/\/kreire-metal.hr\/wp-content\/uploads\/2023\/04\/kreire-logo.png","contentUrl":"https:\/\/kreire-metal.hr\/wp-content\/uploads\/2023\/04\/kreire-logo.png","width":184,"height":83,"caption":"Kreire metal"},"image":{"@id":"https:\/\/kreire-metal.hr\/#\/schema\/logo\/image\/"},"sameAs":["https:\/\/www.facebook.com\/profile.php?id=100093496051534"]}]}},"jetpack_sharing_enabled":true,"_links":{"self":[{"href":"https:\/\/kreire-metal.hr\/index.php?rest_route=\/wp\/v2\/pages\/3","targetHints":{"allow":["GET"]}}],"collection":[{"href":"https:\/\/kreire-metal.hr\/index.php?rest_route=\/wp\/v2\/pages"}],"about":[{"href":"https:\/\/kreire-metal.hr\/index.php?rest_route=\/wp\/v2\/types\/page"}],"author":[{"embeddable":true,"href":"https:\/\/kreire-metal.hr\/index.php?rest_route=\/wp\/v2\/users\/1"}],"replies":[{"embeddable":true,"href":"https:\/\/kreire-metal.hr\/index.php?rest_route=%2Fwp%2Fv2%2Fcomments&post=3"}],"version-history":[{"count":13,"href":"https:\/\/kreire-metal.hr\/index.php?rest_route=\/wp\/v2\/pages\/3\/revisions"}],"predecessor-version":[{"id":1331,"href":"https:\/\/kreire-metal.hr\/index.php?rest_route=\/wp\/v2\/pages\/3\/revisions\/1331"}],"wp:attachment":[{"href":"https:\/\/kreire-metal.hr\/index.php?rest_route=%2Fwp%2Fv2%2Fmedia&parent=3"}],"curies":[{"name":"wp","href":"https:\/\/api.w.org\/{rel}","templated":true}]}}